{"id":7485,"date":"2024-05-26T15:52:42","date_gmt":"2024-05-26T13:52:42","guid":{"rendered":"https:\/\/vipextensions-shop.ch\/?post_type=product&#038;p=7485"},"modified":"2025-08-02T15:45:40","modified_gmt":"2025-08-02T13:45:40","slug":"v-i-p-clip-in-extensions-set-aus-russischem-echthaar-55cm-150-gramm-haselnussblond-18","status":"publish","type":"product","link":"https:\/\/vipextensions-shop.ch\/?product=v-i-p-clip-in-extensions-set-aus-russischem-echthaar-55cm-150-gramm-haselnussblond-18","title":{"rendered":"V.I.P Clip-In Extensions Set aus russischem Echthaar 55cm\/150 Gramm HaselnussBlond #18"},"content":{"rendered":"<p><span style=\"color: #ffff00;\"><strong>Haarverl\u00e4ngerung mit Clips echthaar\/ 65 cm 150\u00a0<\/strong><b>Gramm<\/b><\/span><\/p>\n<p><strong>\u00a0 \u00a0 \u00a0 \u00a0 \u00a0 \u00a0 \u00a0 \u00a0 \u00a0 \u00a0 \u00a0 \u00a0 \u00a0 \u00a0 \u00a0 \u00a0 \u00a0 \u00a0 \u00a0 \u00a0 \u00a0 \u00a0 \u00a0 \u00a0 \u00a0 \u00a0 \u00a0 \u00a0 \u00a0 \u00a0 \u00a0 \u00a0 \u00a0 \u00a0 \u00a0 \u00a0 \u00a0 \u00a0 \u00a0 \u00a0 \u00a0 \u00a0 \u00a0 \u00a0 \u00a0 \u00a0 \u00a0 \u00a0 \u00a0 \u00a0 \u00a0\u00a0\u00a0 <span style=\"color: #ff00ff;\">V.I.P Garantie !!!<\/span><\/strong><\/p>\n<p><span style=\"color: #ff00ff;\"><strong>\u00a0 \u00a0 \u00a0 \u00a0 Nur bei uns haben Sie w\u00e4hrend des gesamten Tragezeit,Garantie auf die Haarqualit\u00e4t.Kein Verfilzen und Verknoten.<\/strong><\/span><\/p>\n<p><strong><span style=\"color: #ff00ff;\">\u00a0 \u00a0 \u00a0 \u00a0 \u00a0 \u00a0 \u00a0 \u00a0 \u00a0 \u00a0 \u00a0 \u00a0 \u00a0 \u00a0 \u00a0 \u00a0 \u00a0 \u00a0 \u00a0 \u00a0 \u00a0 \u00a0 \u00a0 \u00a0 \u00a0 \u00a0 \u00a0 \u00a0 \u00a0 \u00a0 \u00a0 \u00a0 \u00a0 \u00a0 \u00a0 \u00a0 \u00a0 \u00a0 \u00a0 \u00a0Die Haare k\u00f6nnen get\u00f6nt oder gef\u00e4rbt werden<\/span>.<\/strong><br \/>\n<strong>Farbe :HaselnussBlond # 18<\/strong><\/p>\n<p><strong>L\u00e4nge<\/strong>: 55 cm<br \/>\nHaarstruktur &#8211; glatt bis leicht gewellt<br \/>\n<strong>Menge<\/strong>: 7tlg Set, 2 St\u00fcck mit 3 Clips &#8211; 20 cm breit , 2 St\u00fcck mit 2 Clips- 12 cm breit, 1 St\u00fcck mit 2 Clips &#8211; 8 cm breit und 2 St\u00fcck mit 1 Clips &#8211; 3 cm breit<\/p>\n<p>(Bei bedarf k\u00f6nnen Sie sie halbieren )<br \/>\n<strong>Gewicht<\/strong>: 150 gramm<\/p>\n<p><span style=\"color: #ff00ff;\"><strong>Unsere hochwertige V.I.P Clip &#8211; In Extensions<\/strong><\/span>\u00a0sind gro\u00dfartig, wenn Sie Glam Up f\u00fcr jeden Anlass in k\u00fcrzester Zeit wollen.<br \/>\nAlle unsere Clip-In Extensions sind garantiert aus 100% russischem Echthaar hergestellt. Sie k\u00f6nnen sie<br \/>\nlocken, gl\u00e4tten und f\u00e4rben genau so wie eigenes Haar.<br \/>\nJetzt k\u00f6nnen Sie langes, seidiges, dichtes Haar in wenigen Minuten und f\u00fcr einen erstaunlichen Preis haben.<br \/>\nWeil sie so leicht zum anbringen sind, k\u00f6nnen Sie Ihren Look in einem Augenblick \u00e4ndern.<br \/>\n<span style=\"color: #ff00ff;\"><strong>Hohe Qualit\u00e4t, ohne verknoten, seidig<\/strong><strong>\u00a0<\/strong><strong>weich.<\/strong><\/span><br \/>\n<span style=\"color: #ffff00;\"><strong>Das Unternehmen VIP EXTENSIONS<\/strong><\/span>\u00a0ist ein seri\u00f6ser und erfahrener Hersteller von au\u00dfergew\u00f6hnlicher Haarqualit\u00e4t.<br \/>\nSie werden von unseren V.I P Clip-in Extensions begeistert sein!<\/p>\n<p><strong>\u00a0<\/strong><\/p>\n","protected":false},"excerpt":{"rendered":"<p>Haarverl\u00e4ngerung mit Clips echthaar\/ 65 cm 150\u00a0Gramm \u00a0 \u00a0 \u00a0 \u00a0 \u00a0 \u00a0 \u00a0 \u00a0 \u00a0 \u00a0 \u00a0 \u00a0 \u00a0 \u00a0 \u00a0 \u00a0 \u00a0 \u00a0 \u00a0 \u00a0 \u00a0 \u00a0 \u00a0 \u00a0 \u00a0 \u00a0 \u00a0 \u00a0 \u00a0 \u00a0 \u00a0 \u00a0 \u00a0 \u00a0 \u00a0 \u00a0 \u00a0 \u00a0 \u00a0 \u00a0 \u00a0 \u00a0 \u00a0 \u00a0 \u00a0 \u00a0 \u00a0 \u00a0 [&hellip;]<\/p>\n","protected":false},"featured_media":1788,"comment_status":"open","ping_status":"closed","template":"","meta":[],"_links":{"self":[{"href":"https:\/\/vipextensions-shop.ch\/index.php?rest_route=\/wp\/v2\/product\/7485"}],"collection":[{"href":"https:\/\/vipextensions-shop.ch\/index.php?rest_route=\/wp\/v2\/product"}],"about":[{"href":"https:\/\/vipextensions-shop.ch\/index.php?rest_route=\/wp\/v2\/types\/product"}],"replies":[{"embeddable":true,"href":"https:\/\/vipextensions-shop.ch\/index.php?rest_route=%2Fwp%2Fv2%2Fcomments&post=7485"}],"wp:featuredmedia":[{"embeddable":true,"href":"https:\/\/vipextensions-shop.ch\/index.php?rest_route=\/wp\/v2\/media\/1788"}],"wp:attachment":[{"href":"https:\/\/vipextensions-shop.ch\/index.php?rest_route=%2Fwp%2Fv2%2Fmedia&parent=7485"}],"curies":[{"name":"wp","href":"https:\/\/api.w.org\/{rel}","templated":true}]}}