{"id":4062,"date":"2021-10-05T01:18:14","date_gmt":"2021-10-04T23:18:14","guid":{"rendered":"https:\/\/vipextensions-shop.ch\/?post_type=product&#038;p=4062"},"modified":"2025-08-26T08:06:33","modified_gmt":"2025-08-26T06:06:33","slug":"v-i-p-glaetteise","status":"publish","type":"product","link":"https:\/\/vipextensions-shop.ch\/?product=v-i-p-glaetteise","title":{"rendered":"V.I.P Gl\u00e4tteise"},"content":{"rendered":"<div class=\"ydp9e33ec23i ydp9e33ec23j ydp9e33ec23t ydp9e33ec23ms ydp9e33ec23sk ydp9e33ec23sl ydp9e33ec23sm\" data-dmid=\"detail-section-header-container\">\n<h2 class=\"ydp9e33ec23aq ydp9e33ec23as ydp9e33ec23ds ydp9e33ec23pi ydp9e33ec23id ydp9e33ec23iq ydp9e33ec23ir\" data-designsystem=\"true\" data-dmid=\"detail-section-title\">produktbeschreibung<\/h2>\n<div><\/div>\n<\/div>\n<div class=\"ydp9e33ec23by ydp9e33ec23fu ydp9e33ec23dw ydp9e33ec23t ydp9e33ec23pr ydp9e33ec23ss ydp9e33ec23st\" data-dmid=\"detail-section-main-container\">\n<div class=\"ydp9e33ec23su ydp9e33ec23sv ydp9e33ec23sw ydp9e33ec23sx\" data-dmid=\"detail-first-section\">\n<div class=\"ydp9e33ec23sy ydp9e33ec23sz ydp9e33ec23ec\">\n<div class=\"ydp9e33ec23lr\" data-dmid=\"expandable-text-container\">\n<div class=\"ydp9e33ec23i ydp9e33ec23j\" data-dmid=\"expandable-text-inner-container\">\n<div dir=\"ltr\" data-setdir=\"false\"><strong><span style=\"font-family: dmbrand, Arial, Helvetica, sans-serif;\">V.I.P<\/span><\/strong> Gl\u00e4tteise mit glitzernden Strasssteinen \u00fcbersehen und mit schnellem Aufheizen bis zu 250\u00b0C f\u00fcr \u00fcberzeugend schnelle Gl\u00e4tte.<\/div>\n<div dir=\"ltr\" data-setdir=\"false\">Gl\u00e4ttplatten mit Titan-Keramik-Beschichtung sorgen f\u00fcr ein ultra-geschmeidiges Finish.<\/div>\n<div dir=\"ltr\" data-setdir=\"false\">Das Gl\u00e4tteisen schenkt Ihrem Haar glatte Haare ohne Frizz oder kann auch zarte Wellen zaubern.<\/div>\n<div dir=\"ltr\" data-setdir=\"false\">\n<div>\n<div dir=\"ltr\" data-setdir=\"false\">Mit unseren glamour\u00f6sen\u00a0Gl\u00e4tteisen \u00a0auch dein Schminktisch wird strahlen.&#8220;<\/div>\n<ul dir=\"ltr\" data-setdir=\"false\">\n<li>LCD Temperatur Display<\/li>\n<li>Temperatur einstellbar von 50 &#8211; 250\u00b0C<\/li>\n<li>Titan Keramik Platten<\/li>\n<li>2.5 cm breite Platte<\/li>\n<li>Drehkabel 360\u00b0 &#8211; 1.80m<\/li>\n<\/ul>\n<\/div>\n<div>\n<div dir=\"ltr\" data-setdir=\"false\"><\/div>\n<div dir=\"ltr\" data-setdir=\"false\"><\/div>\n<div dir=\"ltr\" data-setdir=\"false\"><span style=\"color: #ff0000;\">Bitte\u00a0Verf\u00fcgbarkeit\u00a0Ihre w\u00fcnsch Farbe vorab\u00a0nachfragen via Tel\/WhatsApp \u00a0076 563 28 12 \u00a0oder \u00a0E-Mail vip_extensions@yahoo.com<\/span><\/div>\n<\/div>\n<\/div>\n<\/div>\n<\/div>\n<\/div>\n<\/div>\n<\/div>\n","protected":false},"excerpt":{"rendered":"<p>Haargl\u00e4tter, Gl\u00e4tteisen, Hair Straightener<\/p>\n","protected":false},"featured_media":4058,"comment_status":"open","ping_status":"closed","template":"","meta":[],"_links":{"self":[{"href":"https:\/\/vipextensions-shop.ch\/index.php?rest_route=\/wp\/v2\/product\/4062"}],"collection":[{"href":"https:\/\/vipextensions-shop.ch\/index.php?rest_route=\/wp\/v2\/product"}],"about":[{"href":"https:\/\/vipextensions-shop.ch\/index.php?rest_route=\/wp\/v2\/types\/product"}],"replies":[{"embeddable":true,"href":"https:\/\/vipextensions-shop.ch\/index.php?rest_route=%2Fwp%2Fv2%2Fcomments&post=4062"}],"wp:featuredmedia":[{"embeddable":true,"href":"https:\/\/vipextensions-shop.ch\/index.php?rest_route=\/wp\/v2\/media\/4058"}],"wp:attachment":[{"href":"https:\/\/vipextensions-shop.ch\/index.php?rest_route=%2Fwp%2Fv2%2Fmedia&parent=4062"}],"curies":[{"name":"wp","href":"https:\/\/api.w.org\/{rel}","templated":true}]}}