{"id":3317,"date":"2020-04-23T09:26:39","date_gmt":"2020-04-23T07:26:39","guid":{"rendered":"https:\/\/vipextensions-shop.ch\/?product=warmezange-connector-fur-haarverlangerung-kopia"},"modified":"2024-02-12T11:14:12","modified_gmt":"2024-02-12T10:14:12","slug":"warmezange-connector-fur-haarverlangerung-kopia","status":"publish","type":"product","link":"https:\/\/vipextensions-shop.ch\/?product=warmezange-connector-fur-haarverlangerung-kopia","title":{"rendered":"W\u00e4rmezange Connector f\u00fcr Haarverl\u00e4ngerung"},"content":{"rendered":"<h2><span style=\"color: #ffff00;\">W\u00e4rmezange f\u00fcr Microbonding<\/span><\/h2>\n<p>Mit unserer ultraleichten W\u00e4rmezange k\u00f6nnen Sie jetzt Keratinstr\u00e4hnen besser als je zuvor<\/p>\n<p>mit dem Eigenhaar Ihre Kundinnen verbinden.<\/p>\n<p>Dank des sehr kleinen Spitzen k\u00f6nnen Sie die Bondings sehr klein machen<\/p>\n<ul>\n<li>Temperaturregulierung 100\/220 \u00b0C (effektive Arbeitstemperatur)<\/li>\n<li>ganz schnelles Aufheize<\/li>\n<li>haltbare Teflonbeschichtung<\/li>\n<li>Konstante W\u00e4rmezufuhr zu beiden Connectorspitzen<\/li>\n<li>LED-Kontrollleuchte<\/li>\n<li>EIN\/AUS-Schalter<\/li>\n<li>Kabell\u00e4nge 2.50 Meter<\/li>\n<li>220V-240V<\/li>\n<li>Ultraleicht<\/li>\n<\/ul>\n<p><span style=\"color: #ff00ff;\"><strong>\u00a0<\/strong><\/span><\/p>\n","protected":false},"excerpt":{"rendered":"<p>W\u00e4rmezange f\u00fcr Microbonding Mit unserer ultraleichten W\u00e4rmezange k\u00f6nnen Sie jetzt Keratinstr\u00e4hnen besser als je zuvor mit dem Eigenhaar Ihre Kundinnen verbinden. Dank des sehr kleinen Spitzen k\u00f6nnen Sie die Bondings sehr klein machen Temperaturregulierung 100\/220 \u00b0C (effektive Arbeitstemperatur) ganz schnelles Aufheize haltbare Teflonbeschichtung Konstante W\u00e4rmezufuhr zu beiden Connectorspitzen LED-Kontrollleuchte EIN\/AUS-Schalter Kabell\u00e4nge 2.50 Meter 220V-240V Ultraleicht [&hellip;]<\/p>\n","protected":false},"featured_media":3319,"comment_status":"open","ping_status":"closed","template":"","meta":[],"_links":{"self":[{"href":"https:\/\/vipextensions-shop.ch\/index.php?rest_route=\/wp\/v2\/product\/3317"}],"collection":[{"href":"https:\/\/vipextensions-shop.ch\/index.php?rest_route=\/wp\/v2\/product"}],"about":[{"href":"https:\/\/vipextensions-shop.ch\/index.php?rest_route=\/wp\/v2\/types\/product"}],"replies":[{"embeddable":true,"href":"https:\/\/vipextensions-shop.ch\/index.php?rest_route=%2Fwp%2Fv2%2Fcomments&post=3317"}],"wp:featuredmedia":[{"embeddable":true,"href":"https:\/\/vipextensions-shop.ch\/index.php?rest_route=\/wp\/v2\/media\/3319"}],"wp:attachment":[{"href":"https:\/\/vipextensions-shop.ch\/index.php?rest_route=%2Fwp%2Fv2%2Fmedia&parent=3317"}],"curies":[{"name":"wp","href":"https:\/\/api.w.org\/{rel}","templated":true}]}}