{"id":1949,"date":"2017-01-10T14:01:47","date_gmt":"2017-01-10T13:01:47","guid":{"rendered":"https:\/\/vipextensions-shop.ch\/?product=v-i-p-clip-in-extensions-set-aus-europaischem-echthaar-65cm150-gramm-silberblond-615-2"},"modified":"2024-02-12T11:15:48","modified_gmt":"2024-02-12T10:15:48","slug":"v-i-p-clip-in-extensions-set-aus-europaischem-echthaar-65cm150-gramm-silberblond-615-2","status":"publish","type":"product","link":"https:\/\/vipextensions-shop.ch\/?product=v-i-p-clip-in-extensions-set-aus-europaischem-echthaar-65cm150-gramm-silberblond-615-2","title":{"rendered":"V.I.P Clip-In Extensions Set aus russischem Echthaar 65cm\/150 Gramm SilberBlond #615"},"content":{"rendered":"<p><span style=\"color: #ffff00;\"><strong>Haarverl\u00e4ngerung mit Clips echthaar\/ 65 cm 150\u00a0<\/strong><b>Gramm<\/b><\/span><\/p>\n<p><strong>\u00a0 \u00a0 \u00a0 \u00a0 \u00a0 \u00a0 \u00a0 \u00a0 \u00a0 \u00a0 \u00a0 \u00a0 \u00a0 \u00a0 \u00a0 \u00a0 \u00a0 \u00a0 \u00a0 \u00a0 \u00a0 \u00a0 \u00a0 \u00a0 \u00a0 \u00a0 \u00a0 \u00a0 \u00a0 \u00a0 \u00a0 \u00a0 \u00a0 \u00a0 \u00a0 \u00a0 \u00a0 \u00a0 \u00a0 \u00a0 \u00a0 \u00a0 \u00a0 \u00a0 \u00a0 \u00a0 \u00a0 \u00a0 \u00a0 \u00a0 \u00a0\u00a0<span style=\"color: #ff00ff;\">\u00a0 V.I.P Garantie !!!<\/span><\/strong><\/p>\n<p><span style=\"color: #ff00ff;\"><strong>\u00a0 \u00a0 \u00a0 \u00a0 Nur bei uns haben Sie w\u00e4hrend des gesamten Tragezeit,Garantie auf die Haarqualit\u00e4t.Kein Verfilzen und Verknoten.<\/strong><\/span><\/p>\n<p><span style=\"color: #ff00ff;\"><strong>\u00a0 \u00a0 \u00a0 \u00a0 \u00a0 \u00a0 \u00a0 \u00a0 \u00a0 \u00a0 \u00a0 \u00a0 \u00a0 \u00a0 \u00a0 \u00a0 \u00a0 \u00a0 \u00a0 \u00a0 \u00a0 \u00a0 \u00a0 \u00a0 \u00a0 \u00a0 \u00a0 \u00a0 \u00a0 \u00a0 \u00a0 \u00a0 \u00a0 \u00a0 \u00a0 \u00a0 \u00a0 \u00a0 \u00a0 \u00a0Die Haare k\u00f6nnen get\u00f6nt oder gef\u00e4rbt werden.<\/strong><\/span><br \/>\n<strong>Farbe :SilberBlond\u00a0# 615<\/strong><\/p>\n<p><strong>L\u00e4nge<\/strong>: 65 cm<br \/>\nHaarstruktur &#8211; glatt bis leicht gewellt<br \/>\n<strong>Menge<\/strong>: 7tlg Set, 2 St\u00fcck mit 3 Clips &#8211; 20 cm breit , 2 St\u00fcck mit 2 Clips- 12 cm breit, 1 St\u00fcck mit 2 Clips &#8211; 8 cm breit und 2 St\u00fcck mit 1 Clips &#8211; 3 cm breit<\/p>\n<p>(Bei bedarf k\u00f6nnen Sie sie halbieren )<br \/>\n<strong>Gewicht<\/strong>: 150 gramm<\/p>\n<p><span style=\"color: #ff00ff;\"><strong>Unsere hochwertige V.I.P Clip &#8211; In Extensions<\/strong><\/span>\u00a0sind gro\u00dfartig, wenn Sie Glam Up f\u00fcr jeden Anlass in k\u00fcrzester Zeit wollen.<br \/>\nAlle unsere Clip-In Extensions sind garantiert aus 100% russischem Echthaar hergestellt. Sie k\u00f6nnen sie<br \/>\nlocken, gl\u00e4tten und f\u00e4rben genau so wie eigenes Haar.<br \/>\nJetzt k\u00f6nnen Sie langes, seidiges, dichtes Haar in wenigen Minuten und f\u00fcr einen erstaunlichen Preis haben.<br \/>\nWeil sie so leicht zum anbringen sind, k\u00f6nnen Sie Ihren Look in einem Augenblick \u00e4ndern.<br \/>\n<span style=\"color: #ff00ff;\"><strong>Hohe Qualit\u00e4t, ohne verknoten, seidig<\/strong><strong>\u00a0<\/strong><\/span><strong><span style=\"color: #ff00ff;\">weich<\/span>.<\/strong><br \/>\n<strong><span style=\"color: #ffff00;\">Das Unternehmen VIP EXTENSIONS<\/span><\/strong>\u00a0ist ein seri\u00f6ser und erfahrener Hersteller von au\u00dfergew\u00f6hnlicher Haarqualit\u00e4t.<br \/>\nSie werden von unseren V.I P Clip-in Extensions begeistert sein!<\/p>\n<p><strong><span style=\"color: #ff00ff;\">Liebe Kundinnen<\/span><br \/>\n<\/strong><\/p>\n<p><span style=\"color: #ff00ff;\"><strong>Mein Tipp<\/strong>\u00a0<strong>ist<\/strong><\/span>: mit Silber Shampoo \u00a0zmb. &#8220; Loreal Professional Silver &#8220; k\u00f6nnen Sie den Silber Ton selber regulieren ohne die Haare zu F\u00e4rben in dem Sie die Haare damit waschen.<\/p>\n","protected":false},"excerpt":{"rendered":"<p>Haarverl\u00e4ngerung mit Clips echthaar\/ 65 cm 150\u00a0Gramm \u00a0 \u00a0 \u00a0 \u00a0 \u00a0 \u00a0 \u00a0 \u00a0 \u00a0 \u00a0 \u00a0 \u00a0 \u00a0 \u00a0 \u00a0 \u00a0 \u00a0 \u00a0 \u00a0 \u00a0 \u00a0 \u00a0 \u00a0 \u00a0 \u00a0 \u00a0 \u00a0 \u00a0 \u00a0 \u00a0 \u00a0 \u00a0 \u00a0 \u00a0 \u00a0 \u00a0 \u00a0 \u00a0 \u00a0 \u00a0 \u00a0 \u00a0 \u00a0 \u00a0 \u00a0 \u00a0 \u00a0 \u00a0 [&hellip;]<\/p>\n","protected":false},"featured_media":1786,"comment_status":"open","ping_status":"closed","template":"","meta":[],"_links":{"self":[{"href":"https:\/\/vipextensions-shop.ch\/index.php?rest_route=\/wp\/v2\/product\/1949"}],"collection":[{"href":"https:\/\/vipextensions-shop.ch\/index.php?rest_route=\/wp\/v2\/product"}],"about":[{"href":"https:\/\/vipextensions-shop.ch\/index.php?rest_route=\/wp\/v2\/types\/product"}],"replies":[{"embeddable":true,"href":"https:\/\/vipextensions-shop.ch\/index.php?rest_route=%2Fwp%2Fv2%2Fcomments&post=1949"}],"wp:featuredmedia":[{"embeddable":true,"href":"https:\/\/vipextensions-shop.ch\/index.php?rest_route=\/wp\/v2\/media\/1786"}],"wp:attachment":[{"href":"https:\/\/vipextensions-shop.ch\/index.php?rest_route=%2Fwp%2Fv2%2Fmedia&parent=1949"}],"curies":[{"name":"wp","href":"https:\/\/api.w.org\/{rel}","templated":true}]}}