{"id":1092,"date":"2015-09-06T21:07:58","date_gmt":"2015-09-06T19:07:58","guid":{"rendered":"https:\/\/vipextensions-shop.ch\/?product=silberblond-615-haarlange-75-cm-menge-25-strahnen-2-50-pro-strahne"},"modified":"2026-04-02T17:11:06","modified_gmt":"2026-04-02T15:11:06","slug":"silberblond-615-haarlange-75-cm-menge-25-strahnen-2-50-pro-strahne","status":"publish","type":"product","link":"https:\/\/vipextensions-shop.ch\/?product=silberblond-615-haarlange-75-cm-menge-25-strahnen-2-50-pro-strahne","title":{"rendered":"SilberBlond #615 Haarl\u00e4nge: 75 cm, Menge: 25 Str\u00e4hnen 2.70,- pro Str\u00e4hne"},"content":{"rendered":"<p><span style=\"color: #ffff00;\"><strong>Russisches Echthaarstr\u00e4hne aus bestem Schnitthaar mit V\u00f6llig intakte Schuppenschicht- extrem hochwertig, kein silikonlayer.<\/strong><\/span><\/p>\n<p><strong>\u00a0 \u00a0 \u00a0 \u00a0 \u00a0 \u00a0 \u00a0 \u00a0 \u00a0 \u00a0 \u00a0 \u00a0 \u00a0 \u00a0 \u00a0 \u00a0 \u00a0 \u00a0 \u00a0 \u00a0 \u00a0 \u00a0 \u00a0 \u00a0 \u00a0 \u00a0 \u00a0 \u00a0 \u00a0 \u00a0 \u00a0 \u00a0 \u00a0 \u00a0 \u00a0 \u00a0 \u00a0 \u00a0 \u00a0 \u00a0 \u00a0 \u00a0 \u00a0 \u00a0 \u00a0 \u00a0 \u00a0 \u00a0 <span style=\"color: #ff0099;\">\u00a0 \u00a0 \u00a0 \u00a0 \u00a0 \u00a0V.I.P Garantie !!!<\/span><\/strong><\/p>\n<p><span style=\"color: #ff0099;\"><strong>\u00a0 \u00a0 \u00a0 \u00a0 Nur bei uns haben Sie w\u00e4hrend der gesamten Tragezeit,Garantie auf die Haarqualit\u00e4t.Kein verfilzen und verknoten.<\/strong><\/span><\/p>\n<p><span style=\"color: #ff0099;\"><strong>\u00a0 \u00a0 \u00a0 \u00a0 \u00a0 \u00a0 \u00a0 \u00a0 \u00a0 \u00a0 \u00a0 \u00a0 \u00a0 \u00a0 \u00a0 \u00a0 \u00a0 \u00a0 \u00a0 \u00a0 \u00a0 \u00a0 \u00a0 \u00a0 \u00a0 \u00a0 \u00a0 \u00a0 \u00a0 \u00a0 \u00a0 \u00a0 \u00a0 \u00a0 \u00a0 \u00a0 \u00a0 \u00a0 \u00a0 \u00a0Die Haare k\u00f6nnen get\u00f6nt oder gef\u00e4rbt werden.<\/strong><\/span><\/p>\n<p>&nbsp;<\/p>\n<ul>\n<li>Inhalt 25 Str\u00e4hnen<\/li>\n<li>Haarl\u00e4nge: 7<b>5 cm<\/b><\/li>\n<li>Farbe: <b>SilberBlond #615<\/b><\/li>\n<li>Struktur: <b>glatt bis leicht gewellt<\/b><\/li>\n<li>Str\u00e4hnenst\u00e4rke: <b>ca. 1 gramm<\/b><\/li>\n<li>Flachbonding f\u00fcr W\u00e4rmezange und Ultraschall geeignet<\/li>\n<li>Super starker halt<\/li>\n<li>Seidig &amp; weich, trotzdem robustes langlebiges Haar<\/li>\n<li>Kann get\u00f6nt, gef\u00e4rbt, blondiert und dauergewellt werden<\/li>\n<\/ul>\n<p><span style=\"color: #ffff00;\"><strong>Diese Haarqualit\u00e4t kann mehrmals verwendet werden Es handelt sich um Double Drawn Qualit\u00e4t, Somit sind kaum Unterl\u00e4ngen vorhanden, wodurch ein maximales Volumen erzielbar ist.<\/strong><\/span><\/p>\n<p><span style=\"color: #ff0099;\"><strong>Empfehlungen :<\/strong><\/span><br \/>\nF\u00fcr eine Haarverl\u00e4ngerung empfehlen wir ca. 125-150 Extensions,bei sehr dickem Haar bis 180-200 Extensions<br \/>\nF\u00fcr eine Haarverdichtung empfehlen wir ca. 50-70 Extensions<\/p>\n<p><strong><span style=\"color: #ff1493;\">Liebe Kundinnen,\u00a0<\/span><\/strong><\/p>\n<p><span style=\"color: #ff1493;\"><strong>Mein Tipp<\/strong>\u00a0<strong>ist<\/strong><\/span>: mit Silber Shampoo \u00a0zmb. &#8220; Loreal Professional Silver &#8220; k\u00f6nnen Sie den Silber Ton selber regulieren ohne die Haare zu F\u00e4rben in dem Sie die Haare damit waschen.<\/p>\n","protected":false},"excerpt":{"rendered":"<p>Russisches Echthaarstr\u00e4hne aus bestem Schnitthaar mit V\u00f6llig intakte Schuppenschicht- extrem hochwertig, kein silikonlayer. \u00a0 \u00a0 \u00a0 \u00a0 \u00a0 \u00a0 \u00a0 \u00a0 \u00a0 \u00a0 \u00a0 \u00a0 \u00a0 \u00a0 \u00a0 \u00a0 \u00a0 \u00a0 \u00a0 \u00a0 \u00a0 \u00a0 \u00a0 \u00a0 \u00a0 \u00a0 \u00a0 \u00a0 \u00a0 \u00a0 \u00a0 \u00a0 \u00a0 \u00a0 \u00a0 \u00a0 \u00a0 \u00a0 \u00a0 \u00a0 \u00a0 \u00a0 [&hellip;]<\/p>\n","protected":false},"featured_media":1091,"comment_status":"open","ping_status":"closed","template":"","meta":[],"_links":{"self":[{"href":"https:\/\/vipextensions-shop.ch\/index.php?rest_route=\/wp\/v2\/product\/1092"}],"collection":[{"href":"https:\/\/vipextensions-shop.ch\/index.php?rest_route=\/wp\/v2\/product"}],"about":[{"href":"https:\/\/vipextensions-shop.ch\/index.php?rest_route=\/wp\/v2\/types\/product"}],"replies":[{"embeddable":true,"href":"https:\/\/vipextensions-shop.ch\/index.php?rest_route=%2Fwp%2Fv2%2Fcomments&post=1092"}],"wp:featuredmedia":[{"embeddable":true,"href":"https:\/\/vipextensions-shop.ch\/index.php?rest_route=\/wp\/v2\/media\/1091"}],"wp:attachment":[{"href":"https:\/\/vipextensions-shop.ch\/index.php?rest_route=%2Fwp%2Fv2%2Fmedia&parent=1092"}],"curies":[{"name":"wp","href":"https:\/\/api.w.org\/{rel}","templated":true}]}}