{"id":37,"date":"2013-06-14T13:24:32","date_gmt":"2013-06-14T11:24:32","guid":{"rendered":"http:\/\/vipextensions-shop.ch\/?page_id=37"},"modified":"2024-02-16T10:02:04","modified_gmt":"2024-02-16T09:02:04","slug":"zahlungsart","status":"publish","type":"page","link":"https:\/\/vipextensions-shop.ch\/?page_id=37","title":{"rendered":"Zahlungsart"},"content":{"rendered":"<p><span style=\"color: #ffff00;\"><strong>Sie haben die folgende Zahlungsart zur Auswahl:<\/strong><\/span><br \/>\n<span style=\"color: #888888;\"> Wenn Sie den Zahlungsmodus \u201eOnline\u201c gew\u00e4hlt haben, stehen Ihnen folgende Zahlungsmethoden zur Auswahl : Visa und MasterCard Kreditkarte, der Schweizer Post Card,Post E-Finance\/ Twint, <\/span><span style=\"color: #808080;\">\u00dcberweisung<\/span><span style=\"color: #888888;\"> oder per PayPal,\u00a0<\/span><br \/>\n<span style=\"color: #888888;\"> <img loading=\"lazy\" class=\"alignnone size-medium wp-image-261\" src=\"http:\/\/vipextensions-shop.ch\/wp-content\/uploads\/2013\/06\/platnosci_small-300x42.png\" alt=\"platnosci_small\" width=\"300\" height=\"42\" srcset=\"https:\/\/vipextensions-shop.ch\/wp-content\/uploads\/2013\/06\/platnosci_small-300x42.png 300w, https:\/\/vipextensions-shop.ch\/wp-content\/uploads\/2013\/06\/platnosci_small.png 500w\" sizes=\"(max-width: 300px) 100vw, 300px\" \/><\/span><br \/>\n<strong><span style=\"color: #ffff00;\"> Oder Sie \u00fcberweisen den Betrag auf unser \u00a0Konto Postkonto:<\/span><\/strong><\/p>\n<p><span style=\"color: #ffff00;\"><strong>PostFinance\u00a0<\/strong><\/span><span style=\"color: #ffff00;\"><b>\u00dcberweisung<\/b><\/span><br \/>\nKontonummer : 85-461726-8<br \/>\nIBAN: CH55 0900 0000 8546 1726 8<br \/>\nBIC : POFICHBEXXX<br \/>\n<strong>Kontow\u00e4hrung: CHF<\/strong><br \/>\nZugunsten von:<br \/>\n<strong>V.I.P Hair Extensions<\/strong><br \/>\nFalkenstrasse 113<br \/>\n4106 Therwil<br \/>\n<strong><span style=\"color: #ffff00;\">Zahlung per Kreditkarte :<\/span><\/strong><\/p>\n<p>Sie k\u00f6nnen mit den Kreditkarten von<span style=\"color: #ffff00;\"><strong> VISA <\/strong><\/span>und <span style=\"color: #ffff00;\"><strong>MasterCard<\/strong><\/span> bezahlen.<br \/>\nIhre Kreditkartendaten werden nicht bei uns gespeichert, sondern direkt an das Kreditkartenunternehmen \u00fcbergeben.<\/p>\n<p><span style=\"color: #ffff00;\"><strong>PayPal<\/strong>:<\/span><br \/>\nF\u00fcr diese Zahlungsart brauchst du ein PayPal Konto. Nach Registrierung bei dem Zahlungsanbieter zahlst Du bequem mit Angabe der E-Mail-Adresse und einem Passwort. Nach Zahlungsbest\u00e4tigung wird Dein PayPal Konto mit dem Rechnungsbetrag belastet.<\/p>\n<p><strong><span style=\"color: #ff00ff;\">Anmelden und PayPal sofort nutzen:<\/span><\/strong><br \/>\n\u2022 Er\u00f6ffnen Sie ein PayPal-Konto unter www.paypal.ch<br \/>\n\u2022 Verkn\u00fcpfen Sie Ihr Bankkonto oder Ihre Kreditkarte mit Ihrem PayPal-Konto.<br \/>\n\u2022 Und schon k\u00f6nnen Sie mit PayPal bezahlen.<\/p>\n<p><span style=\"color: #ffff00;\"><strong>SICHERE BEZAHLUNG<\/strong><\/span><\/p>\n<p>Vipextensions-shop.ch benutzt ein gesichertes Zahlungssystem. Unsere Webseite wird durch das SSL (secured socket layer) System gesichert um den gr\u00f6sstm\u00f6glichen Schutz Ihrer vertaulichen Daten zu gew\u00e4hrleisten. Wir akzeptieren ausschliesslich Visa, MasterCard, Post Card, Post E-Finance und PayPal<\/p>\n<p><a href=\"\/?page_id=36\">Zur\u00fcck zum Shop<\/a><\/p>\n","protected":false},"excerpt":{"rendered":"<p>Sie haben die folgende Zahlungsart zur Auswahl: Wenn Sie den Zahlungsmodus \u201eOnline\u201c gew\u00e4hlt haben, stehen Ihnen folgende Zahlungsmethoden zur Auswahl : Visa und MasterCard Kreditkarte, der Schweizer Post Card,Post E-Finance\/ Twint, \u00dcberweisung oder per PayPal,\u00a0 Oder Sie \u00fcberweisen den Betrag auf unser \u00a0Konto Postkonto: PostFinance\u00a0\u00dcberweisung Kontonummer : 85-461726-8 IBAN: CH55 0900 0000 8546 1726 8 [&hellip;]<\/p>\n","protected":false},"author":1,"featured_media":0,"parent":0,"menu_order":3,"comment_status":"open","ping_status":"open","template":"","meta":[],"_links":{"self":[{"href":"https:\/\/vipextensions-shop.ch\/index.php?rest_route=\/wp\/v2\/pages\/37"}],"collection":[{"href":"https:\/\/vipextensions-shop.ch\/index.php?rest_route=\/wp\/v2\/pages"}],"about":[{"href":"https:\/\/vipextensions-shop.ch\/index.php?rest_route=\/wp\/v2\/types\/page"}],"author":[{"embeddable":true,"href":"https:\/\/vipextensions-shop.ch\/index.php?rest_route=\/wp\/v2\/users\/1"}],"replies":[{"embeddable":true,"href":"https:\/\/vipextensions-shop.ch\/index.php?rest_route=%2Fwp%2Fv2%2Fcomments&post=37"}],"version-history":[{"count":18,"href":"https:\/\/vipextensions-shop.ch\/index.php?rest_route=\/wp\/v2\/pages\/37\/revisions"}],"predecessor-version":[{"id":7051,"href":"https:\/\/vipextensions-shop.ch\/index.php?rest_route=\/wp\/v2\/pages\/37\/revisions\/7051"}],"wp:attachment":[{"href":"https:\/\/vipextensions-shop.ch\/index.php?rest_route=%2Fwp%2Fv2%2Fmedia&parent=37"}],"curies":[{"name":"wp","href":"https:\/\/api.w.org\/{rel}","templated":true}]}}